{"id":497,"date":"2025-10-13T09:30:55","date_gmt":"2025-10-13T09:30:55","guid":{"rendered":"https:\/\/arkdatasocimi.lopezespadafor.com\/projects\/"},"modified":"2025-10-13T20:35:17","modified_gmt":"2025-10-13T20:35:17","slug":"projects","status":"publish","type":"page","link":"https:\/\/arkdatasocimi.lopezespadafor.com\/?page_id=497","title":{"rendered":"Proyecto"},"content":{"rendered":"\n<div class=\"wp-block-uagb-container uagb-block-c3c03179 alignfull uagb-is-root-container\"><div class=\"uagb-container-inner-blocks-wrap\">\n<div class=\"wp-block-uagb-advanced-heading uagb-block-4f24c44c\"><h1 class=\"uagb-heading-text\">Proyecto<\/h1><\/div>\n<\/div><\/div>\n\n\n\n<div class=\"wp-block-uagb-container uagb-layout-grid uagb-block-9bf7b24c alignfull uagb-is-root-container\"><div class=\"uagb-container-inner-blocks-wrap\">\n<div class=\"wp-block-uagb-container uagb-block-789fc97c\">\n<figure class=\"wp-block-image size-large\"><img loading=\"lazy\" decoding=\"async\" width=\"1238\" height=\"825\" src=\"https:\/\/arkdatasocimi.lopezespadafor.com\/wp-content\/uploads\/2025\/10\/trace-temperature-sortie-25pourcent-data-center-cfd-edited-1.webp\" alt=\"trace temperature sortie 25pourcent data center cfd\" class=\"wp-image-1324\" title=\"Proyecto\" srcset=\"https:\/\/arkdatasocimi.lopezespadafor.com\/wp-content\/uploads\/2025\/10\/trace-temperature-sortie-25pourcent-data-center-cfd-edited-1.webp 1238w, https:\/\/arkdatasocimi.lopezespadafor.com\/wp-content\/uploads\/2025\/10\/trace-temperature-sortie-25pourcent-data-center-cfd-edited-1-300x200.webp 300w, https:\/\/arkdatasocimi.lopezespadafor.com\/wp-content\/uploads\/2025\/10\/trace-temperature-sortie-25pourcent-data-center-cfd-edited-1-1024x682.webp 1024w, https:\/\/arkdatasocimi.lopezespadafor.com\/wp-content\/uploads\/2025\/10\/trace-temperature-sortie-25pourcent-data-center-cfd-edited-1-768x512.webp 768w\" sizes=\"auto, (max-width: 1238px) 100vw, 1238px\" \/><\/figure>\n\n\n\n<div class=\"wp-block-uagb-advanced-heading uagb-block-d0b6ec54\"><h4 class=\"uagb-heading-text\"><strong>Sensores y Monitoreo Inteligente<\/strong><\/h4><\/div>\n\n\n\n<p>En ARKDATA SOCIMI, implementamos sensores inteligentes que monitorizan en tiempo real temperatura, humedad y flujo de energ\u00eda en nuestro data center. Esto permite garantizar rendimiento \u00f3ptimo, eficiencia energ\u00e9tica y protecci\u00f3n de datos cr\u00edticos.\u200b<\/p>\n<\/div>\n\n\n\n<div class=\"wp-block-uagb-container uagb-block-f151f48b\">\n<figure class=\"wp-block-image size-large\"><img loading=\"lazy\" decoding=\"async\" width=\"772\" height=\"515\" src=\"https:\/\/arkdatasocimi.lopezespadafor.com\/wp-content\/uploads\/2025\/10\/Submarine_cable_map_umap-edited-1.png\" alt=\"submarine cable map umap\" class=\"wp-image-1330\" title=\"Proyecto\" srcset=\"https:\/\/arkdatasocimi.lopezespadafor.com\/wp-content\/uploads\/2025\/10\/Submarine_cable_map_umap-edited-1.png 772w, https:\/\/arkdatasocimi.lopezespadafor.com\/wp-content\/uploads\/2025\/10\/Submarine_cable_map_umap-edited-1-300x200.png 300w, https:\/\/arkdatasocimi.lopezespadafor.com\/wp-content\/uploads\/2025\/10\/Submarine_cable_map_umap-edited-1-768x512.png 768w\" sizes=\"auto, (max-width: 772px) 100vw, 772px\" \/><\/figure>\n\n\n\n<div class=\"wp-block-uagb-advanced-heading uagb-block-127a77ab\"><h4 class=\"uagb-heading-text\">Redes de Interconexi\u00f3n de Alta Velocidad<\/h4><\/div>\n\n\n\n<p>Nuestro centro de datos contar\u00eda con conectividad directa con cables submarinos transatl\u00e1nticos, optimizando el tr\u00e1fico de datos entre Am\u00e9rica y Europa. Esto asegura latencia m\u00ednima y m\u00e1xima fiabilidad para clientes multinacionales.<\/p>\n<\/div>\n\n\n\n<div class=\"wp-block-uagb-container uagb-block-e1c1a141\">\n<figure class=\"wp-block-image size-large\"><img loading=\"lazy\" decoding=\"async\" width=\"1185\" height=\"790\" src=\"https:\/\/arkdatasocimi.lopezespadafor.com\/wp-content\/uploads\/2025\/10\/Infografia-Energy-Premium-6-edited.jpg\" alt=\"infografia energy premium\" class=\"wp-image-1359\" title=\"Proyecto\" srcset=\"https:\/\/arkdatasocimi.lopezespadafor.com\/wp-content\/uploads\/2025\/10\/Infografia-Energy-Premium-6-edited.jpg 1185w, https:\/\/arkdatasocimi.lopezespadafor.com\/wp-content\/uploads\/2025\/10\/Infografia-Energy-Premium-6-edited-300x200.jpg 300w, https:\/\/arkdatasocimi.lopezespadafor.com\/wp-content\/uploads\/2025\/10\/Infografia-Energy-Premium-6-edited-1024x683.jpg 1024w, https:\/\/arkdatasocimi.lopezespadafor.com\/wp-content\/uploads\/2025\/10\/Infografia-Energy-Premium-6-edited-768x512.jpg 768w\" sizes=\"auto, (max-width: 1185px) 100vw, 1185px\" \/><\/figure>\n\n\n\n<div class=\"wp-block-uagb-advanced-heading uagb-block-41b70100\"><h4 class=\"uagb-heading-text\"><strong>Infraestructura Energ\u00e9tica y Distribuci\u00f3n de Potencia<\/strong><\/h4><\/div>\n\n\n\n<p>Nuestro data center utiliza sistemas de energ\u00eda redundante y fuentes 100 % renovables, asegurando suministro ininterrumpido y cumplimiento de est\u00e1ndares europeos de sostenibilidad y resiliencia.<\/p>\n<\/div>\n\n\n\n<div class=\"wp-block-uagb-container uagb-block-46846933\">\n<figure class=\"wp-block-image size-large\"><img loading=\"lazy\" decoding=\"async\" width=\"1080\" height=\"720\" src=\"https:\/\/arkdatasocimi.lopezespadafor.com\/wp-content\/uploads\/2025\/10\/maxresdefault-1-edited.jpg\" alt=\"maxresdefault\" class=\"wp-image-1348\" title=\"Proyecto\" srcset=\"https:\/\/arkdatasocimi.lopezespadafor.com\/wp-content\/uploads\/2025\/10\/maxresdefault-1-edited.jpg 1080w, https:\/\/arkdatasocimi.lopezespadafor.com\/wp-content\/uploads\/2025\/10\/maxresdefault-1-edited-300x200.jpg 300w, https:\/\/arkdatasocimi.lopezespadafor.com\/wp-content\/uploads\/2025\/10\/maxresdefault-1-edited-1024x683.jpg 1024w, https:\/\/arkdatasocimi.lopezespadafor.com\/wp-content\/uploads\/2025\/10\/maxresdefault-1-edited-768x512.jpg 768w\" sizes=\"auto, (max-width: 1080px) 100vw, 1080px\" \/><\/figure>\n\n\n\n<div class=\"wp-block-uagb-advanced-heading uagb-block-0a9a3ffd\"><h4 class=\"uagb-heading-text\">                                                                                                     Sistemas de Refrigeraci\u00f3n y Soporte de Precisi\u00f3n<\/h4><\/div>\n\n\n\n<p>ARKDATA integra sistemas avanzados de refrigeraci\u00f3n l\u00edquida y racks modulares que mantienen la infraestructura en condiciones \u00f3ptimas, garantizando operaci\u00f3n continua 24\/7 y eficiencia energ\u00e9tica de clase mundial.<\/p>\n<\/div>\n<\/div><\/div>\n\n\n\n<div class=\"wp-block-uagb-call-to-action uagb-block-d83192c0 wp-block-button\"><div class=\"uagb-cta__wrap\"><h3 class=\"uagb-cta__title\">Impulsamos el futuro digital con energ\u00eda limpia e innovaci\u00f3n constante.<\/h3><p class=\"uagb-cta__desc\">Click here to change this text. Lorem ipsum dolor sit amet, consectetur adipiscing elit. Ut elit tellus, luctus nec ullamcorper mattis, pulvinar dapibus leo.<\/p><\/div><div class=\"uagb-cta__buttons\"><a href=\"#\" class=\"uagb-cta__button-link-wrapper wp-block-button__link\" target=\"_self\" rel=\"noopener noreferrer\">M\u00e1s informaci\u00f3n<\/a><\/div><\/div>\n\n\n\n<div class=\"wp-block-uagb-container uagb-layout-flex uagb-block-af5df69f alignfull uagb-is-root-container\"><div class=\"uagb-container-inner-blocks-wrap\"><\/div><\/div>\n","protected":false},"excerpt":{"rendered":"<p>Proyecto Sensores y Monitoreo Inteligente En ARKDATA SOCIMI, implementamos sensores inteligentes que monitorizan en tiempo real temperatura, humedad y flujo de energ\u00eda en nuestro data center. Esto permite garantizar rendimiento \u00f3ptimo, eficiencia energ\u00e9tica y protecci\u00f3n de datos cr\u00edticos.\u200b Redes de Interconexi\u00f3n de Alta Velocidad Nuestro centro de datos contar\u00eda con conectividad directa con cables submarinos [&hellip;]<\/p>\n","protected":false},"author":1,"featured_media":0,"parent":0,"menu_order":0,"comment_status":"closed","ping_status":"closed","template":"","meta":{"om_disable_all_campaigns":false,"_uag_custom_page_level_css":"","site-sidebar-layout":"no-sidebar","site-content-layout":"plain-container","ast-site-content-layout":"normal-width-container","site-content-style":"unboxed","site-sidebar-style":"unboxed","ast-global-header-display":"","ast-banner-title-visibility":"","ast-main-header-display":"","ast-hfb-above-header-display":"","ast-hfb-below-header-display":"","ast-hfb-mobile-header-display":"","site-post-title":"disabled","ast-breadcrumbs-content":"","ast-featured-img":"disabled","footer-sml-layout":"","theme-transparent-header-meta":"enabled","adv-header-id-meta":"","stick-header-meta":"","header-above-stick-meta":"","header-main-stick-meta":"","header-below-stick-meta":"","astra-migrate-meta-layouts":"set","ast-page-background-enabled":"default","ast-page-background-meta":{"desktop":{"background-color":"","background-image":"","background-repeat":"repeat","background-position":"center center","background-size":"auto","background-attachment":"scroll","background-type":"","background-media":"","overlay-type":"","overlay-color":"","overlay-opacity":"","overlay-gradient":""},"tablet":{"background-color":"","background-image":"","background-repeat":"repeat","background-position":"center center","background-size":"auto","background-attachment":"scroll","background-type":"","background-media":"","overlay-type":"","overlay-color":"","overlay-opacity":"","overlay-gradient":""},"mobile":{"background-color":"","background-image":"","background-repeat":"repeat","background-position":"center center","background-size":"auto","background-attachment":"scroll","background-type":"","background-media":"","overlay-type":"","overlay-color":"","overlay-opacity":"","overlay-gradient":""}},"ast-content-background-meta":{"desktop":{"background-color":"var(--ast-global-color-5)","background-image":"","background-repeat":"repeat","background-position":"center center","background-size":"auto","background-attachment":"scroll","background-type":"","background-media":"","overlay-type":"","overlay-color":"","overlay-opacity":"","overlay-gradient":""},"tablet":{"background-color":"var(--ast-global-color-5)","background-image":"","background-repeat":"repeat","background-position":"center center","background-size":"auto","background-attachment":"scroll","background-type":"","background-media":"","overlay-type":"","overlay-color":"","overlay-opacity":"","overlay-gradient":""},"mobile":{"background-color":"var(--ast-global-color-5)","background-image":"","background-repeat":"repeat","background-position":"center center","background-size":"auto","background-attachment":"scroll","background-type":"","background-media":"","overlay-type":"","overlay-color":"","overlay-opacity":"","overlay-gradient":""}},"footnotes":""},"class_list":["post-497","page","type-page","status-publish","hentry"],"aioseo_notices":[],"yoast_head":"<!-- This site is optimized with the Yoast SEO plugin v26.1.1 - https:\/\/yoast.com\/wordpress\/plugins\/seo\/ -->\n<title>Proyecto - Data Center Granada<\/title>\n<meta name=\"robots\" content=\"index, follow, max-snippet:-1, max-image-preview:large, max-video-preview:-1\" \/>\n<link rel=\"canonical\" href=\"https:\/\/arkdatasocimi.lopezespadafor.com\/?page_id=497\" \/>\n<meta property=\"og:locale\" content=\"es_ES\" \/>\n<meta property=\"og:type\" content=\"article\" \/>\n<meta property=\"og:title\" content=\"Proyecto - Data Center Granada\" \/>\n<meta property=\"og:description\" content=\"Proyecto Sensores y Monitoreo Inteligente En ARKDATA SOCIMI, implementamos sensores inteligentes que monitorizan en tiempo real temperatura, humedad y flujo de energ\u00eda en nuestro data center. Esto permite garantizar rendimiento \u00f3ptimo, eficiencia energ\u00e9tica y protecci\u00f3n de datos cr\u00edticos.\u200b Redes de Interconexi\u00f3n de Alta Velocidad Nuestro centro de datos contar\u00eda con conectividad directa con cables submarinos [&hellip;]\" \/>\n<meta property=\"og:url\" content=\"https:\/\/arkdatasocimi.lopezespadafor.com\/?page_id=497\" \/>\n<meta property=\"og:site_name\" content=\"Data Center Granada\" \/>\n<meta property=\"article:modified_time\" content=\"2025-10-13T20:35:17+00:00\" \/>\n<meta property=\"og:image\" content=\"https:\/\/arkdatasocimi.lopezespadafor.com\/wp-content\/uploads\/2020\/09\/project-1.jpg\" \/>\n<meta name=\"twitter:card\" content=\"summary_large_image\" \/>\n<meta name=\"twitter:label1\" content=\"Tiempo de lectura\" \/>\n\t<meta name=\"twitter:data1\" content=\"2 minutos\" \/>\n<script type=\"application\/ld+json\" class=\"yoast-schema-graph\">{\"@context\":\"https:\/\/schema.org\",\"@graph\":[{\"@type\":\"WebPage\",\"@id\":\"https:\/\/arkdatasocimi.lopezespadafor.com\/?page_id=497\",\"url\":\"https:\/\/arkdatasocimi.lopezespadafor.com\/?page_id=497\",\"name\":\"Proyecto - Data Center Granada\",\"isPartOf\":{\"@id\":\"https:\/\/arkdatasocimi.lopezespadafor.com\/#website\"},\"primaryImageOfPage\":{\"@id\":\"https:\/\/arkdatasocimi.lopezespadafor.com\/?page_id=497#primaryimage\"},\"image\":{\"@id\":\"https:\/\/arkdatasocimi.lopezespadafor.com\/?page_id=497#primaryimage\"},\"thumbnailUrl\":\"https:\/\/arkdatasocimi.lopezespadafor.com\/wp-content\/uploads\/2025\/10\/trace-temperature-sortie-25pourcent-data-center-cfd-edited-1.webp\",\"datePublished\":\"2025-10-13T09:30:55+00:00\",\"dateModified\":\"2025-10-13T20:35:17+00:00\",\"breadcrumb\":{\"@id\":\"https:\/\/arkdatasocimi.lopezespadafor.com\/?page_id=497#breadcrumb\"},\"inLanguage\":\"es\",\"potentialAction\":[{\"@type\":\"ReadAction\",\"target\":[\"https:\/\/arkdatasocimi.lopezespadafor.com\/?page_id=497\"]}]},{\"@type\":\"ImageObject\",\"inLanguage\":\"es\",\"@id\":\"https:\/\/arkdatasocimi.lopezespadafor.com\/?page_id=497#primaryimage\",\"url\":\"https:\/\/arkdatasocimi.lopezespadafor.com\/wp-content\/uploads\/2025\/10\/trace-temperature-sortie-25pourcent-data-center-cfd-edited-1.webp\",\"contentUrl\":\"https:\/\/arkdatasocimi.lopezespadafor.com\/wp-content\/uploads\/2025\/10\/trace-temperature-sortie-25pourcent-data-center-cfd-edited-1.webp\",\"width\":1238,\"height\":825,\"caption\":\"trace temperature sortie 25pourcent data center cfd\"},{\"@type\":\"BreadcrumbList\",\"@id\":\"https:\/\/arkdatasocimi.lopezespadafor.com\/?page_id=497#breadcrumb\",\"itemListElement\":[{\"@type\":\"ListItem\",\"position\":1,\"name\":\"Portada\",\"item\":\"https:\/\/arkdatasocimi.lopezespadafor.com\/\"},{\"@type\":\"ListItem\",\"position\":2,\"name\":\"Projects\"}]},{\"@type\":\"WebSite\",\"@id\":\"https:\/\/arkdatasocimi.lopezespadafor.com\/#website\",\"url\":\"https:\/\/arkdatasocimi.lopezespadafor.com\/\",\"name\":\"Data Center Granada\",\"description\":\"ARKDATA SOCIMI \u2014 Infraestructura digital para el futuro de Espa\u00f1a. Inversi\u00f3n, desarrollo y gesti\u00f3n de centros de datos de \u00faltima generaci\u00f3n.\",\"publisher\":{\"@id\":\"https:\/\/arkdatasocimi.lopezespadafor.com\/#organization\"},\"potentialAction\":[{\"@type\":\"SearchAction\",\"target\":{\"@type\":\"EntryPoint\",\"urlTemplate\":\"https:\/\/arkdatasocimi.lopezespadafor.com\/?s={search_term_string}\"},\"query-input\":{\"@type\":\"PropertyValueSpecification\",\"valueRequired\":true,\"valueName\":\"search_term_string\"}}],\"inLanguage\":\"es\"},{\"@type\":\"Organization\",\"@id\":\"https:\/\/arkdatasocimi.lopezespadafor.com\/#organization\",\"name\":\"ARKDATA SOCIMI\",\"url\":\"https:\/\/arkdatasocimi.lopezespadafor.com\/\",\"logo\":{\"@type\":\"ImageObject\",\"inLanguage\":\"es\",\"@id\":\"https:\/\/arkdatasocimi.lopezespadafor.com\/#\/schema\/logo\/image\/\",\"url\":\"https:\/\/arkdatasocimi.lopezespadafor.com\/wp-content\/uploads\/2025\/10\/cropped-ChatGPT-Image-13-oct-2025-11_50_19-2.png\",\"contentUrl\":\"https:\/\/arkdatasocimi.lopezespadafor.com\/wp-content\/uploads\/2025\/10\/cropped-ChatGPT-Image-13-oct-2025-11_50_19-2.png\",\"width\":512,\"height\":512,\"caption\":\"ARKDATA SOCIMI\"},\"image\":{\"@id\":\"https:\/\/arkdatasocimi.lopezespadafor.com\/#\/schema\/logo\/image\/\"}}]}<\/script>\n<!-- \/ Yoast SEO plugin. -->","yoast_head_json":{"title":"Proyecto - Data Center Granada","robots":{"index":"index","follow":"follow","max-snippet":"max-snippet:-1","max-image-preview":"max-image-preview:large","max-video-preview":"max-video-preview:-1"},"canonical":"https:\/\/arkdatasocimi.lopezespadafor.com\/?page_id=497","og_locale":"es_ES","og_type":"article","og_title":"Proyecto - Data Center Granada","og_description":"Proyecto Sensores y Monitoreo Inteligente En ARKDATA SOCIMI, implementamos sensores inteligentes que monitorizan en tiempo real temperatura, humedad y flujo de energ\u00eda en nuestro data center. Esto permite garantizar rendimiento \u00f3ptimo, eficiencia energ\u00e9tica y protecci\u00f3n de datos cr\u00edticos.\u200b Redes de Interconexi\u00f3n de Alta Velocidad Nuestro centro de datos contar\u00eda con conectividad directa con cables submarinos [&hellip;]","og_url":"https:\/\/arkdatasocimi.lopezespadafor.com\/?page_id=497","og_site_name":"Data Center Granada","article_modified_time":"2025-10-13T20:35:17+00:00","og_image":[{"url":"https:\/\/arkdatasocimi.lopezespadafor.com\/wp-content\/uploads\/2020\/09\/project-1.jpg","type":"","width":"","height":""}],"twitter_card":"summary_large_image","twitter_misc":{"Tiempo de lectura":"2 minutos"},"schema":{"@context":"https:\/\/schema.org","@graph":[{"@type":"WebPage","@id":"https:\/\/arkdatasocimi.lopezespadafor.com\/?page_id=497","url":"https:\/\/arkdatasocimi.lopezespadafor.com\/?page_id=497","name":"Proyecto - Data Center Granada","isPartOf":{"@id":"https:\/\/arkdatasocimi.lopezespadafor.com\/#website"},"primaryImageOfPage":{"@id":"https:\/\/arkdatasocimi.lopezespadafor.com\/?page_id=497#primaryimage"},"image":{"@id":"https:\/\/arkdatasocimi.lopezespadafor.com\/?page_id=497#primaryimage"},"thumbnailUrl":"https:\/\/arkdatasocimi.lopezespadafor.com\/wp-content\/uploads\/2025\/10\/trace-temperature-sortie-25pourcent-data-center-cfd-edited-1.webp","datePublished":"2025-10-13T09:30:55+00:00","dateModified":"2025-10-13T20:35:17+00:00","breadcrumb":{"@id":"https:\/\/arkdatasocimi.lopezespadafor.com\/?page_id=497#breadcrumb"},"inLanguage":"es","potentialAction":[{"@type":"ReadAction","target":["https:\/\/arkdatasocimi.lopezespadafor.com\/?page_id=497"]}]},{"@type":"ImageObject","inLanguage":"es","@id":"https:\/\/arkdatasocimi.lopezespadafor.com\/?page_id=497#primaryimage","url":"https:\/\/arkdatasocimi.lopezespadafor.com\/wp-content\/uploads\/2025\/10\/trace-temperature-sortie-25pourcent-data-center-cfd-edited-1.webp","contentUrl":"https:\/\/arkdatasocimi.lopezespadafor.com\/wp-content\/uploads\/2025\/10\/trace-temperature-sortie-25pourcent-data-center-cfd-edited-1.webp","width":1238,"height":825,"caption":"trace temperature sortie 25pourcent data center cfd"},{"@type":"BreadcrumbList","@id":"https:\/\/arkdatasocimi.lopezespadafor.com\/?page_id=497#breadcrumb","itemListElement":[{"@type":"ListItem","position":1,"name":"Portada","item":"https:\/\/arkdatasocimi.lopezespadafor.com\/"},{"@type":"ListItem","position":2,"name":"Projects"}]},{"@type":"WebSite","@id":"https:\/\/arkdatasocimi.lopezespadafor.com\/#website","url":"https:\/\/arkdatasocimi.lopezespadafor.com\/","name":"Data Center Granada","description":"ARKDATA SOCIMI \u2014 Infraestructura digital para el futuro de Espa\u00f1a. Inversi\u00f3n, desarrollo y gesti\u00f3n de centros de datos de \u00faltima generaci\u00f3n.","publisher":{"@id":"https:\/\/arkdatasocimi.lopezespadafor.com\/#organization"},"potentialAction":[{"@type":"SearchAction","target":{"@type":"EntryPoint","urlTemplate":"https:\/\/arkdatasocimi.lopezespadafor.com\/?s={search_term_string}"},"query-input":{"@type":"PropertyValueSpecification","valueRequired":true,"valueName":"search_term_string"}}],"inLanguage":"es"},{"@type":"Organization","@id":"https:\/\/arkdatasocimi.lopezespadafor.com\/#organization","name":"ARKDATA SOCIMI","url":"https:\/\/arkdatasocimi.lopezespadafor.com\/","logo":{"@type":"ImageObject","inLanguage":"es","@id":"https:\/\/arkdatasocimi.lopezespadafor.com\/#\/schema\/logo\/image\/","url":"https:\/\/arkdatasocimi.lopezespadafor.com\/wp-content\/uploads\/2025\/10\/cropped-ChatGPT-Image-13-oct-2025-11_50_19-2.png","contentUrl":"https:\/\/arkdatasocimi.lopezespadafor.com\/wp-content\/uploads\/2025\/10\/cropped-ChatGPT-Image-13-oct-2025-11_50_19-2.png","width":512,"height":512,"caption":"ARKDATA SOCIMI"},"image":{"@id":"https:\/\/arkdatasocimi.lopezespadafor.com\/#\/schema\/logo\/image\/"}}]}},"_hostinger_reach_plugin_has_subscription_block":false,"_hostinger_reach_plugin_is_elementor":false,"uagb_featured_image_src":{"full":false,"thumbnail":false,"medium":false,"medium_large":false,"large":false,"1536x1536":false,"2048x2048":false},"uagb_author_info":{"display_name":"lopezespadaforasociados@gmail.com","author_link":"https:\/\/arkdatasocimi.lopezespadafor.com\/?author=1"},"uagb_comment_info":0,"uagb_excerpt":"Proyecto Sensores y Monitoreo Inteligente En ARKDATA SOCIMI, implementamos sensores inteligentes que monitorizan en tiempo real temperatura, humedad y flujo de energ\u00eda en nuestro data center. Esto permite garantizar rendimiento \u00f3ptimo, eficiencia energ\u00e9tica y protecci\u00f3n de datos cr\u00edticos.\u200b Redes de Interconexi\u00f3n de Alta Velocidad Nuestro centro de datos contar\u00eda con conectividad directa con cables submarinos&hellip;","_links":{"self":[{"href":"https:\/\/arkdatasocimi.lopezespadafor.com\/index.php?rest_route=\/wp\/v2\/pages\/497","targetHints":{"allow":["GET"]}}],"collection":[{"href":"https:\/\/arkdatasocimi.lopezespadafor.com\/index.php?rest_route=\/wp\/v2\/pages"}],"about":[{"href":"https:\/\/arkdatasocimi.lopezespadafor.com\/index.php?rest_route=\/wp\/v2\/types\/page"}],"author":[{"embeddable":true,"href":"https:\/\/arkdatasocimi.lopezespadafor.com\/index.php?rest_route=\/wp\/v2\/users\/1"}],"replies":[{"embeddable":true,"href":"https:\/\/arkdatasocimi.lopezespadafor.com\/index.php?rest_route=%2Fwp%2Fv2%2Fcomments&post=497"}],"version-history":[{"count":8,"href":"https:\/\/arkdatasocimi.lopezespadafor.com\/index.php?rest_route=\/wp\/v2\/pages\/497\/revisions"}],"predecessor-version":[{"id":1361,"href":"https:\/\/arkdatasocimi.lopezespadafor.com\/index.php?rest_route=\/wp\/v2\/pages\/497\/revisions\/1361"}],"wp:attachment":[{"href":"https:\/\/arkdatasocimi.lopezespadafor.com\/index.php?rest_route=%2Fwp%2Fv2%2Fmedia&parent=497"}],"curies":[{"name":"wp","href":"https:\/\/api.w.org\/{rel}","templated":true}]}}