{"id":495,"date":"2025-10-13T09:30:55","date_gmt":"2025-10-13T09:30:55","guid":{"rendered":"https:\/\/arkdatasocimi.lopezespadafor.com\/about\/"},"modified":"2025-10-13T11:47:01","modified_gmt":"2025-10-13T11:47:01","slug":"about","status":"publish","type":"page","link":"https:\/\/arkdatasocimi.lopezespadafor.com\/?page_id=495","title":{"rendered":"Sobre Nosotros"},"content":{"rendered":"\n<div class=\"wp-block-uagb-container uagb-block-ea8750ae alignfull uagb-is-root-container\"><div class=\"uagb-container-inner-blocks-wrap\">\n<div class=\"wp-block-uagb-advanced-heading uagb-block-5d0596af\"><h1 class=\"uagb-heading-text\">Sobre Nosotros<\/h1><\/div>\n<\/div><\/div>\n\n\n\n<div class=\"wp-block-uagb-container uagb-layout-grid uagb-block-32e874b4 alignfull uagb-is-root-container\"><div class=\"uagb-container-inner-blocks-wrap\">\n<div class=\"wp-block-uagb-info-box uagb-block-fbae65f3 uagb-infobox__content-wrap  uagb-infobox-icon-above-title uagb-infobox-image-valign-top\"><div class=\"uagb-ifb-content\"><div class=\"uagb-ifb-title-wrap\"><h5 class=\"uagb-ifb-title-prefix\">Construyendo la nueva infraestructura digital de Espa\u00f1a<\/h5><h2 class=\"uagb-ifb-title\">Una SOCIMI creada para liderar el futuro de los data centers en el sur de Europa<\/h2><\/div><\/div><\/div>\n\n\n\n<div class=\"wp-block-uagb-info-box uagb-block-54f3395c uagb-infobox__content-wrap  uagb-infobox-icon-above-title uagb-infobox-image-valign-top\"><div class=\"uagb-ifb-content\"><div class=\"uagb-ifb-title-wrap\"><h3 class=\"uagb-ifb-title\">Fundada en 2025, <strong>ARKDATA SOCIMI<\/strong> nace con el prop\u00f3sito de promover, desarrollar y operar centros de datos de \u00faltima generaci\u00f3n en Espa\u00f1a.<\/h3><\/div><p class=\"uagb-ifb-desc\">Nuestro primer proyecto, en <strong>Granada<\/strong>, ser\u00e1 un <strong>data center eficiente, seguro y alineado con los est\u00e1ndares europeos de sostenibilidad y soberan\u00eda digital<\/strong>.<br>Actualmente abrimos <strong>una ronda de financiaci\u00f3n<\/strong> dirigida a inversores institucionales y privados interesados en participar en la creaci\u00f3n de esta infraestructura cr\u00edtica para la econom\u00eda digital.<br>Combinamos <strong>experiencia t\u00e9cnica, financiera e inmobiliaria<\/strong> bajo una estructura transparente y orientada al largo plazo.<\/p><\/div><\/div>\n<\/div><\/div>\n\n\n\n<div class=\"wp-block-uagb-container uagb-block-6be40f00 alignfull uagb-is-root-container\"><div class=\"uagb-container-inner-blocks-wrap\">\n<div class=\"wp-block-uagb-container uagb-layout-grid uagb-block-f4b0440c\">\n<div class=\"wp-block-uagb-info-box uagb-block-e7c5835b uagb-infobox__content-wrap  uagb-infobox-icon-above-title uagb-infobox-image-valign-top\"><div class=\"uagb-ifb-content\"><div class=\"uagb-ifb-title-wrap\"><h5 class=\"uagb-ifb-title-prefix\">Inversi\u00f3n Objetivo<\/h5><h2 class=\"uagb-ifb-title\">Cifras que Hablan por S\u00ed Solas<\/h2><\/div><\/div><\/div>\n\n\n\n<div class=\"wp-block-uagb-counter uagb-block-24a0b4ad wp-block-uagb-counter--number\"><div class=\"wp-block-uagb-counter__number\"><span class=\"uagb-counter-block-number\" data-duration=\"2\" data-to-value=\"150\" data-from-value=\"0\" data-delimiter=\",\"><\/span><\/div><div class=\"wp-block-uagb-counter__title\">MW<\/div><\/div>\n\n\n\n<div class=\"wp-block-uagb-counter uagb-block-14824e59 wp-block-uagb-counter--number\"><div class=\"wp-block-uagb-counter__number\"><span class=\"uagb-counter-block-number\" data-duration=\"2\" data-to-value=\"15\" data-from-value=\"0\" data-delimiter=\",\"><\/span><\/div><div class=\"wp-block-uagb-counter__title\">Data Center<\/div><\/div>\n\n\n\n<div class=\"wp-block-uagb-counter uagb-block-604bbe6f wp-block-uagb-counter--number\"><div class=\"wp-block-uagb-counter__number\"><span class=\"uagb-counter-block-number\" data-duration=\"2\" data-to-value=\"25\" data-from-value=\"0\" data-delimiter=\",\"><\/span><\/div><div class=\"wp-block-uagb-counter__title\">Mil Millones<\/div><\/div>\n<\/div>\n\n\n\n<div class=\"wp-block-uagb-advanced-heading uagb-block-8e598847\"><h3 class=\"uagb-heading-text\">Aplicamos los m\u00e1s altos est\u00e1ndares de ingenier\u00eda y sostenibilidad para garantizar infraestructuras seguras, eficientes y preparadas para el futuro digital de Europa.<\/h3><\/div>\n\n\n\n<div class=\"wp-block-uagb-container uagb-layout-grid uagb-block-2b8639e4\">\n<div class=\"wp-block-uagb-advanced-heading uagb-block-dda0e0fa\"><h4 class=\"uagb-heading-text\"><strong>Calidad y Visi\u00f3n a Largo Plazo<\/strong><br><\/h4><p class=\"uagb-desc-text\">Nos aseguramos de que cada detalle t\u00e9cnico y financiero est\u00e9 cuidadosamente planificado antes de ejecutar cada fase del proyecto.<br>Nuestro objetivo es claro: crear la infraestructura digital m\u00e1s avanzada y sostenible del sur de Europa.<br>Todo nuestro enfoque se centra en la confianza del inversor, la eficiencia energ\u00e9tica y la seguridad de los datos.<\/p><\/div>\n\n\n\n<div class=\"wp-block-uagb-advanced-heading uagb-block-b946363e\"><h4 class=\"uagb-heading-text\">Soluciones Innovadoras<\/h4><p class=\"uagb-desc-text\">Cada data center de ARKDATA SOCIMI se concibe con criterios de eficiencia, modularidad y sostenibilidad.<br>Integramos energ\u00eda 100% renovable, sistemas de refrigeraci\u00f3n de \u00faltima generaci\u00f3n y dise\u00f1o escalable, para garantizar operaciones estables, seguras y competitivas a nivel europeo.<\/p><\/div>\n\n\n\n<div class=\"wp-block-uagb-advanced-heading uagb-block-21f13684\"><h3 class=\"uagb-heading-text\">Nuestra misi\u00f3n es crear centros de datos sostenibles, seguros y alimentados al 100% con energ\u00eda renovable.<\/h3><\/div>\n<\/div>\n<\/div><\/div>\n\n\n\n<div class=\"wp-block-uagb-container uagb-layout-flex uagb-block-af5df69f alignfull uagb-is-root-container\"><div class=\"uagb-container-inner-blocks-wrap\">\n<div class=\"wp-block-uagb-call-to-action uagb-block-d83192c0 wp-block-button\"><div class=\"uagb-cta__wrap\"><h3 class=\"uagb-cta__title\">\u00bfQuieres participar en el desarrollo del primer gran Data Center de Granada?<\/h3><p class=\"uagb-cta__desc\">Click here to change this text. Lorem ipsum dolor sit amet, consectetur adipiscing elit. Ut elit tellus, luctus nec ullamcorper mattis, pulvinar dapibus leo.<\/p><\/div><div class=\"uagb-cta__buttons\"><a href=\"#\" class=\"uagb-cta__button-link-wrapper wp-block-button__link\" target=\"_self\" rel=\"noopener noreferrer\">M\u00e1s informaci\u00f3n<\/a><\/div><\/div>\n<\/div><\/div>\n","protected":false},"excerpt":{"rendered":"<p>Sobre Nosotros Aplicamos los m\u00e1s altos est\u00e1ndares de ingenier\u00eda y sostenibilidad para garantizar infraestructuras seguras, eficientes y preparadas para el futuro digital de Europa. Calidad y Visi\u00f3n a Largo Plazo Nos aseguramos de que cada detalle t\u00e9cnico y financiero est\u00e9 cuidadosamente planificado antes de ejecutar cada fase del proyecto.Nuestro objetivo es claro: crear la infraestructura [&hellip;]<\/p>\n","protected":false},"author":1,"featured_media":0,"parent":0,"menu_order":0,"comment_status":"closed","ping_status":"closed","template":"","meta":{"om_disable_all_campaigns":false,"_uag_custom_page_level_css":"","site-sidebar-layout":"no-sidebar","site-content-layout":"plain-container","ast-site-content-layout":"normal-width-container","site-content-style":"unboxed","site-sidebar-style":"unboxed","ast-global-header-display":"","ast-banner-title-visibility":"","ast-main-header-display":"","ast-hfb-above-header-display":"","ast-hfb-below-header-display":"","ast-hfb-mobile-header-display":"","site-post-title":"disabled","ast-breadcrumbs-content":"","ast-featured-img":"disabled","footer-sml-layout":"","theme-transparent-header-meta":"enabled","adv-header-id-meta":"","stick-header-meta":"","header-above-stick-meta":"","header-main-stick-meta":"","header-below-stick-meta":"","astra-migrate-meta-layouts":"set","ast-page-background-enabled":"default","ast-page-background-meta":{"desktop":{"background-color":"","background-image":"","background-repeat":"repeat","background-position":"center center","background-size":"auto","background-attachment":"scroll","background-type":"","background-media":"","overlay-type":"","overlay-color":"","overlay-opacity":"","overlay-gradient":""},"tablet":{"background-color":"","background-image":"","background-repeat":"repeat","background-position":"center center","background-size":"auto","background-attachment":"scroll","background-type":"","background-media":"","overlay-type":"","overlay-color":"","overlay-opacity":"","overlay-gradient":""},"mobile":{"background-color":"","background-image":"","background-repeat":"repeat","background-position":"center center","background-size":"auto","background-attachment":"scroll","background-type":"","background-media":"","overlay-type":"","overlay-color":"","overlay-opacity":"","overlay-gradient":""}},"ast-content-background-meta":{"desktop":{"background-color":"var(--ast-global-color-5)","background-image":"","background-repeat":"repeat","background-position":"center center","background-size":"auto","background-attachment":"scroll","background-type":"","background-media":"","overlay-type":"","overlay-color":"","overlay-opacity":"","overlay-gradient":""},"tablet":{"background-color":"var(--ast-global-color-5)","background-image":"","background-repeat":"repeat","background-position":"center center","background-size":"auto","background-attachment":"scroll","background-type":"","background-media":"","overlay-type":"","overlay-color":"","overlay-opacity":"","overlay-gradient":""},"mobile":{"background-color":"var(--ast-global-color-5)","background-image":"","background-repeat":"repeat","background-position":"center center","background-size":"auto","background-attachment":"scroll","background-type":"","background-media":"","overlay-type":"","overlay-color":"","overlay-opacity":"","overlay-gradient":""}},"footnotes":""},"class_list":["post-495","page","type-page","status-publish","hentry"],"aioseo_notices":[],"yoast_head":"<!-- This site is optimized with the Yoast SEO plugin v26.1.1 - https:\/\/yoast.com\/wordpress\/plugins\/seo\/ -->\n<title>Sobre Nosotros - Data Center Granada<\/title>\n<meta name=\"robots\" content=\"index, follow, max-snippet:-1, max-image-preview:large, max-video-preview:-1\" \/>\n<link rel=\"canonical\" href=\"https:\/\/arkdatasocimi.lopezespadafor.com\/?page_id=495\" \/>\n<meta property=\"og:locale\" content=\"es_ES\" \/>\n<meta property=\"og:type\" content=\"article\" \/>\n<meta property=\"og:title\" content=\"Sobre Nosotros - Data Center Granada\" \/>\n<meta property=\"og:description\" content=\"Sobre Nosotros Aplicamos los m\u00e1s altos est\u00e1ndares de ingenier\u00eda y sostenibilidad para garantizar infraestructuras seguras, eficientes y preparadas para el futuro digital de Europa. Calidad y Visi\u00f3n a Largo Plazo Nos aseguramos de que cada detalle t\u00e9cnico y financiero est\u00e9 cuidadosamente planificado antes de ejecutar cada fase del proyecto.Nuestro objetivo es claro: crear la infraestructura [&hellip;]\" \/>\n<meta property=\"og:url\" content=\"https:\/\/arkdatasocimi.lopezespadafor.com\/?page_id=495\" \/>\n<meta property=\"og:site_name\" content=\"Data Center Granada\" \/>\n<meta property=\"article:modified_time\" content=\"2025-10-13T11:47:01+00:00\" \/>\n<meta name=\"twitter:card\" content=\"summary_large_image\" \/>\n<meta name=\"twitter:label1\" content=\"Tiempo de lectura\" \/>\n\t<meta name=\"twitter:data1\" content=\"2 minutos\" \/>\n<script type=\"application\/ld+json\" class=\"yoast-schema-graph\">{\"@context\":\"https:\/\/schema.org\",\"@graph\":[{\"@type\":\"WebPage\",\"@id\":\"https:\/\/arkdatasocimi.lopezespadafor.com\/?page_id=495\",\"url\":\"https:\/\/arkdatasocimi.lopezespadafor.com\/?page_id=495\",\"name\":\"Sobre Nosotros - Data Center Granada\",\"isPartOf\":{\"@id\":\"https:\/\/arkdatasocimi.lopezespadafor.com\/#website\"},\"datePublished\":\"2025-10-13T09:30:55+00:00\",\"dateModified\":\"2025-10-13T11:47:01+00:00\",\"breadcrumb\":{\"@id\":\"https:\/\/arkdatasocimi.lopezespadafor.com\/?page_id=495#breadcrumb\"},\"inLanguage\":\"es\",\"potentialAction\":[{\"@type\":\"ReadAction\",\"target\":[\"https:\/\/arkdatasocimi.lopezespadafor.com\/?page_id=495\"]}]},{\"@type\":\"BreadcrumbList\",\"@id\":\"https:\/\/arkdatasocimi.lopezespadafor.com\/?page_id=495#breadcrumb\",\"itemListElement\":[{\"@type\":\"ListItem\",\"position\":1,\"name\":\"Portada\",\"item\":\"https:\/\/arkdatasocimi.lopezespadafor.com\/\"},{\"@type\":\"ListItem\",\"position\":2,\"name\":\"Sobre Nosotros\"}]},{\"@type\":\"WebSite\",\"@id\":\"https:\/\/arkdatasocimi.lopezespadafor.com\/#website\",\"url\":\"https:\/\/arkdatasocimi.lopezespadafor.com\/\",\"name\":\"Data Center Granada\",\"description\":\"ARKDATA SOCIMI \u2014 Infraestructura digital para el futuro de Espa\u00f1a. Inversi\u00f3n, desarrollo y gesti\u00f3n de centros de datos de \u00faltima generaci\u00f3n.\",\"publisher\":{\"@id\":\"https:\/\/arkdatasocimi.lopezespadafor.com\/#organization\"},\"potentialAction\":[{\"@type\":\"SearchAction\",\"target\":{\"@type\":\"EntryPoint\",\"urlTemplate\":\"https:\/\/arkdatasocimi.lopezespadafor.com\/?s={search_term_string}\"},\"query-input\":{\"@type\":\"PropertyValueSpecification\",\"valueRequired\":true,\"valueName\":\"search_term_string\"}}],\"inLanguage\":\"es\"},{\"@type\":\"Organization\",\"@id\":\"https:\/\/arkdatasocimi.lopezespadafor.com\/#organization\",\"name\":\"ARKDATA SOCIMI\",\"url\":\"https:\/\/arkdatasocimi.lopezespadafor.com\/\",\"logo\":{\"@type\":\"ImageObject\",\"inLanguage\":\"es\",\"@id\":\"https:\/\/arkdatasocimi.lopezespadafor.com\/#\/schema\/logo\/image\/\",\"url\":\"https:\/\/arkdatasocimi.lopezespadafor.com\/wp-content\/uploads\/2025\/10\/cropped-ChatGPT-Image-13-oct-2025-11_50_19-2.png\",\"contentUrl\":\"https:\/\/arkdatasocimi.lopezespadafor.com\/wp-content\/uploads\/2025\/10\/cropped-ChatGPT-Image-13-oct-2025-11_50_19-2.png\",\"width\":512,\"height\":512,\"caption\":\"ARKDATA SOCIMI\"},\"image\":{\"@id\":\"https:\/\/arkdatasocimi.lopezespadafor.com\/#\/schema\/logo\/image\/\"}}]}<\/script>\n<!-- \/ Yoast SEO plugin. -->","yoast_head_json":{"title":"Sobre Nosotros - Data Center Granada","robots":{"index":"index","follow":"follow","max-snippet":"max-snippet:-1","max-image-preview":"max-image-preview:large","max-video-preview":"max-video-preview:-1"},"canonical":"https:\/\/arkdatasocimi.lopezespadafor.com\/?page_id=495","og_locale":"es_ES","og_type":"article","og_title":"Sobre Nosotros - Data Center Granada","og_description":"Sobre Nosotros Aplicamos los m\u00e1s altos est\u00e1ndares de ingenier\u00eda y sostenibilidad para garantizar infraestructuras seguras, eficientes y preparadas para el futuro digital de Europa. Calidad y Visi\u00f3n a Largo Plazo Nos aseguramos de que cada detalle t\u00e9cnico y financiero est\u00e9 cuidadosamente planificado antes de ejecutar cada fase del proyecto.Nuestro objetivo es claro: crear la infraestructura [&hellip;]","og_url":"https:\/\/arkdatasocimi.lopezespadafor.com\/?page_id=495","og_site_name":"Data Center Granada","article_modified_time":"2025-10-13T11:47:01+00:00","twitter_card":"summary_large_image","twitter_misc":{"Tiempo de lectura":"2 minutos"},"schema":{"@context":"https:\/\/schema.org","@graph":[{"@type":"WebPage","@id":"https:\/\/arkdatasocimi.lopezespadafor.com\/?page_id=495","url":"https:\/\/arkdatasocimi.lopezespadafor.com\/?page_id=495","name":"Sobre Nosotros - Data Center Granada","isPartOf":{"@id":"https:\/\/arkdatasocimi.lopezespadafor.com\/#website"},"datePublished":"2025-10-13T09:30:55+00:00","dateModified":"2025-10-13T11:47:01+00:00","breadcrumb":{"@id":"https:\/\/arkdatasocimi.lopezespadafor.com\/?page_id=495#breadcrumb"},"inLanguage":"es","potentialAction":[{"@type":"ReadAction","target":["https:\/\/arkdatasocimi.lopezespadafor.com\/?page_id=495"]}]},{"@type":"BreadcrumbList","@id":"https:\/\/arkdatasocimi.lopezespadafor.com\/?page_id=495#breadcrumb","itemListElement":[{"@type":"ListItem","position":1,"name":"Portada","item":"https:\/\/arkdatasocimi.lopezespadafor.com\/"},{"@type":"ListItem","position":2,"name":"Sobre Nosotros"}]},{"@type":"WebSite","@id":"https:\/\/arkdatasocimi.lopezespadafor.com\/#website","url":"https:\/\/arkdatasocimi.lopezespadafor.com\/","name":"Data Center Granada","description":"ARKDATA SOCIMI \u2014 Infraestructura digital para el futuro de Espa\u00f1a. Inversi\u00f3n, desarrollo y gesti\u00f3n de centros de datos de \u00faltima generaci\u00f3n.","publisher":{"@id":"https:\/\/arkdatasocimi.lopezespadafor.com\/#organization"},"potentialAction":[{"@type":"SearchAction","target":{"@type":"EntryPoint","urlTemplate":"https:\/\/arkdatasocimi.lopezespadafor.com\/?s={search_term_string}"},"query-input":{"@type":"PropertyValueSpecification","valueRequired":true,"valueName":"search_term_string"}}],"inLanguage":"es"},{"@type":"Organization","@id":"https:\/\/arkdatasocimi.lopezespadafor.com\/#organization","name":"ARKDATA SOCIMI","url":"https:\/\/arkdatasocimi.lopezespadafor.com\/","logo":{"@type":"ImageObject","inLanguage":"es","@id":"https:\/\/arkdatasocimi.lopezespadafor.com\/#\/schema\/logo\/image\/","url":"https:\/\/arkdatasocimi.lopezespadafor.com\/wp-content\/uploads\/2025\/10\/cropped-ChatGPT-Image-13-oct-2025-11_50_19-2.png","contentUrl":"https:\/\/arkdatasocimi.lopezespadafor.com\/wp-content\/uploads\/2025\/10\/cropped-ChatGPT-Image-13-oct-2025-11_50_19-2.png","width":512,"height":512,"caption":"ARKDATA SOCIMI"},"image":{"@id":"https:\/\/arkdatasocimi.lopezespadafor.com\/#\/schema\/logo\/image\/"}}]}},"_hostinger_reach_plugin_has_subscription_block":false,"_hostinger_reach_plugin_is_elementor":false,"uagb_featured_image_src":{"full":false,"thumbnail":false,"medium":false,"medium_large":false,"large":false,"1536x1536":false,"2048x2048":false},"uagb_author_info":{"display_name":"lopezespadaforasociados@gmail.com","author_link":"https:\/\/arkdatasocimi.lopezespadafor.com\/?author=1"},"uagb_comment_info":0,"uagb_excerpt":"Sobre Nosotros Aplicamos los m\u00e1s altos est\u00e1ndares de ingenier\u00eda y sostenibilidad para garantizar infraestructuras seguras, eficientes y preparadas para el futuro digital de Europa. Calidad y Visi\u00f3n a Largo Plazo Nos aseguramos de que cada detalle t\u00e9cnico y financiero est\u00e9 cuidadosamente planificado antes de ejecutar cada fase del proyecto.Nuestro objetivo es claro: crear la infraestructura&hellip;","_links":{"self":[{"href":"https:\/\/arkdatasocimi.lopezespadafor.com\/index.php?rest_route=\/wp\/v2\/pages\/495","targetHints":{"allow":["GET"]}}],"collection":[{"href":"https:\/\/arkdatasocimi.lopezespadafor.com\/index.php?rest_route=\/wp\/v2\/pages"}],"about":[{"href":"https:\/\/arkdatasocimi.lopezespadafor.com\/index.php?rest_route=\/wp\/v2\/types\/page"}],"author":[{"embeddable":true,"href":"https:\/\/arkdatasocimi.lopezespadafor.com\/index.php?rest_route=\/wp\/v2\/users\/1"}],"replies":[{"embeddable":true,"href":"https:\/\/arkdatasocimi.lopezespadafor.com\/index.php?rest_route=%2Fwp%2Fv2%2Fcomments&post=495"}],"version-history":[{"count":5,"href":"https:\/\/arkdatasocimi.lopezespadafor.com\/index.php?rest_route=\/wp\/v2\/pages\/495\/revisions"}],"predecessor-version":[{"id":1288,"href":"https:\/\/arkdatasocimi.lopezespadafor.com\/index.php?rest_route=\/wp\/v2\/pages\/495\/revisions\/1288"}],"wp:attachment":[{"href":"https:\/\/arkdatasocimi.lopezespadafor.com\/index.php?rest_route=%2Fwp%2Fv2%2Fmedia&parent=495"}],"curies":[{"name":"wp","href":"https:\/\/api.w.org\/{rel}","templated":true}]}}