{"id":494,"date":"2025-10-13T09:30:55","date_gmt":"2025-10-13T09:30:55","guid":{"rendered":"https:\/\/arkdatasocimi.lopezespadafor.com\/home\/"},"modified":"2025-10-14T16:27:45","modified_gmt":"2025-10-14T16:27:45","slug":"home","status":"publish","type":"page","link":"https:\/\/arkdatasocimi.lopezespadafor.com\/","title":{"rendered":"Inicio"},"content":{"rendered":"\n<div class=\"wp-block-uagb-container uagb-block-b4bdb975 alignfull uagb-is-root-container\"><div class=\"uagb-container-inner-blocks-wrap\">\n<div class=\"wp-block-uagb-info-box uagb-block-3b7e0e21 uagb-infobox__content-wrap  uagb-infobox-icon-above-title uagb-infobox-image-valign-top\"><div class=\"uagb-ifb-content\"><div class=\"uagb-ifb-title-wrap\"><h5 class=\"uagb-ifb-title-prefix\">Infraestructura digital para el futuro de Espa\u00f1a<\/h5><h1 class=\"uagb-ifb-title\">ARKDATA SOCIMI<\/h1><\/div><div class=\"uagb-ifb-button-wrapper wp-block-button\"><a href=\"#\" class=\"uagb-infobox-cta-link wp-block-button__link\" target=\"_self\" rel=\"noopener noreferrer\" onclick=\"return false;\"><span class=\"uagb-inline-editing\">Cont\u00e1ctanos<\/span><\/a><\/div><\/div><\/div>\n\n\n      \n\t\t\t<div class=\"uagb-icon-wrapper uagb-block-62f0ec94      \"\n\t\t\tstyle=\"\" >\n\t\t\t\t\t\t\t\t\t<span class=\"uagb-svg-wrapper\" \n\t\t\t\t\t aria-label=\"down-long\"\t\t\t\t\ttabindex=\"0\">\t\t\n\t\t\t\t\t\t\t\t\t\t<svg xmlns=\"https:\/\/www.w3.org\/2000\/svg\" viewBox= \"0 0 320 512\" role=\"graphics-symbol\" aria-hidden=\"false\" aria-label=\"\"><path d=\"M281.6 392.3l-104 112.1c-9.498 10.24-25.69 10.24-35.19 0l-104-112.1c-6.484-6.992-8.219-17.18-4.404-25.94c3.811-8.758 12.45-14.42 21.1-14.42H128V32c0-17.69 14.33-32 32-32S192 14.31 192 32v319.9h72c9.547 0 18.19 5.66 22 14.42C289.8 375.1 288.1 385.3 281.6 392.3z\"><\/path><\/svg>\n\t\t\t\t\t\t\t\t\t<\/span>\n\t\t\t\t\t\t\t<\/div>\n\t\t\t<\/div><\/div>\n\n\n\n<div class=\"wp-block-uagb-container uagb-block-a9605dcc alignfull uagb-is-root-container\"><div class=\"uagb-container-inner-blocks-wrap\">\n<div class=\"wp-block-uagb-info-box uagb-block-04f073f9 uagb-infobox__content-wrap  uagb-infobox-icon-above-title uagb-infobox-image-valign-top\"><div class=\"uagb-ifb-content\"><div class=\"uagb-ifb-title-wrap\"><h5 class=\"uagb-ifb-title-prefix\">Sobre Nosotros<\/h5><h2 class=\"uagb-ifb-title\">Desarrollamos y operamos centros de datos sostenibles. <br><br>Buscamos <strong>Mil Millones \u20ac<\/strong> para el proyecto principal en <strong>Granada<\/strong>.<br><\/h2><\/div><p class=\"uagb-ifb-desc\">ARKDATA es una SOCIMI espa\u00f1ola especializada en activos de infraestructura digital. Unimos experiencia en inversi\u00f3n inmobiliaria, ingenier\u00eda energ\u00e9tica y operaciones de centros de datos para ofrecer activos de alto valor, recurrentes y alineados con criterios ESG. Nuestro proyecto en Granada responde a la creciente demanda de capacidad de c\u00f3mputo y almacenamiento para cloud providers, operadores y grandes corporaciones en Espa\u00f1a y sur de Europa.<br><br>Buscamos inversores institucionales y estrat\u00e9gicos para financiar la construcci\u00f3n y puesta en marcha de un data center de referencia en Granada. El proyecto prioriza eficiencia energ\u00e9tica (PUE \u2264 1.3), suministro 100% renovable, certificaci\u00f3n t\u00e9cnica Tier III y contratos a largo plazo con clientes ancla que garantizan flujos estables.<\/p><div class=\"uagb-ifb-button-wrapper wp-block-button\"><a href=\"#\" class=\"uagb-infobox-cta-link wp-block-button__link\" target=\"_self\" rel=\"noopener noreferrer\" onclick=\"return false;\"><span class=\"uagb-inline-editing\">Saber m\u00e1s<\/span><\/a><\/div><\/div><\/div>\n<\/div><\/div>\n\n\n\n<div class=\"wp-block-uagb-container uagb-layout-grid uagb-block-00d4defe alignfull uagb-is-root-container\"><div class=\"uagb-container-inner-blocks-wrap\">\n<div class=\"wp-block-uagb-container uagb-block-0ff6e26b\">\n<div class=\"wp-block-uagb-info-box uagb-block-a18047a9 uagb-infobox__content-wrap  uagb-infobox-icon-above-title uagb-infobox-image-valign-top\"><div class=\"uagb-ifb-content\"><div class=\"uagb-ifb-title-wrap\"><h5 class=\"uagb-ifb-title-prefix\">Proyectos y servicios<\/h5><h3 class=\"uagb-ifb-title\">Soluciones integrales para infraestructura digital: desarrollo, operaci\u00f3n y colocation con criterios de eficiencia y seguridad.<\/h3><\/div><div class=\"uagb-ifb-separator\"><\/div><\/div><\/div>\n\n\n\n<div class=\"wp-block-uagb-info-box uagb-block-65e4fed4 uagb-infobox__content-wrap  uagb-infobox-icon-above-title uagb-infobox-image-valign-top\"><div class=\"uagb-ifb-content\"><div class=\"uagb-ifb-title-wrap\"><h4 class=\"uagb-ifb-title\">Desarrollo y Construcci\u00f3n<br><\/h4><\/div><p class=\"uagb-ifb-desc\">Desarrollamos data centers llave en mano: desde la adquisici\u00f3n del terreno y la ingenier\u00eda hasta la obra civil y la entrega t\u00e9cnica.<\/p><div class=\"uagb-ifb-separator\"><\/div><\/div><\/div>\n\n\n\n<div class=\"wp-block-uagb-info-box uagb-block-354ed25d uagb-infobox__content-wrap  uagb-infobox-icon-above-title uagb-infobox-image-valign-top\"><div class=\"uagb-ifb-content\"><div class=\"uagb-ifb-title-wrap\"><h4 class=\"uagb-ifb-title\">Seguridad y cumplimiento<\/h4><\/div><p class=\"uagb-ifb-desc\">Control de acceso biom\u00e9trico, CCTV cifrado y medidas de ciberseguridad; cumplimiento de est\u00e1ndares Tier\/ISO aplicables.<\/p><div class=\"uagb-ifb-separator\"><\/div><\/div><\/div>\n\n\n\n<div class=\"wp-block-uagb-info-box uagb-block-7006b63e uagb-infobox__content-wrap  uagb-infobox-icon-above-title uagb-infobox-image-valign-top\"><div class=\"uagb-ifb-content\"><div class=\"uagb-ifb-title-wrap\"><h4 class=\"uagb-ifb-title\">Servicios gestionados<\/h4><\/div><p class=\"uagb-ifb-desc\">Migraciones, rack-and-stack, backup y soporte t\u00e9cnico 24\/7 para acelerar despliegues y reducir riesgo operativo.<\/p><\/div><\/div>\n<\/div>\n\n\n\n<div class=\"wp-block-uagb-info-box uagb-block-038e4f59 uagb-infobox__content-wrap  uagb-infobox-icon-above-title uagb-infobox-image-valign-top\"><div class=\"uagb-ifb-content\"><div class=\"uagb-ifb-title-wrap\"><h2 class=\"uagb-ifb-title\">La \u00fanica soluci\u00f3n integral para todo el ciclo de vida del data center: desde el terreno hasta la operaci\u00f3n, con foco en eficiencia, resiliencia y retorno para inversores.<\/h2><\/div><div class=\"uagb-ifb-button-wrapper wp-block-button\"><a href=\"#\" class=\"uagb-infobox-cta-link wp-block-button__link\" target=\"_self\" rel=\"noopener noreferrer\" onclick=\"return false;\"><span class=\"uagb-inline-editing\">M\u00e1s informaci\u00f3n<\/span><\/a><\/div><\/div><\/div>\n<\/div><\/div>\n\n\n\n<div class=\"wp-block-uagb-container uagb-block-2658a530 alignfull uagb-is-root-container\"><div class=\"uagb-container-inner-blocks-wrap\">\n<div class=\"wp-block-uagb-info-box uagb-block-4fcae268 uagb-infobox__content-wrap  uagb-infobox-icon-above-title uagb-infobox-image-valign-top\"><div class=\"uagb-ifb-content\"><div class=\"uagb-ifb-title-wrap\"><h5 class=\"uagb-ifb-title-prefix\">Nuestra Contribuci\u00f3n<\/h5><h2 class=\"uagb-ifb-title\">D\u00f3nde Creamos Valor<\/h2><\/div><\/div><\/div>\n\n\n\n<div class=\"wp-block-columns is-layout-flex wp-container-core-columns-is-layout-28f84493 wp-block-columns-is-layout-flex\">\n<div class=\"wp-block-column is-layout-flow wp-block-column-is-layout-flow\" style=\"flex-basis:100%\">\n<div class=\"wp-block-uagb-container uagb-block-51af8b82\">\n<div class=\"wp-block-group is-nowrap is-layout-flex wp-container-core-group-is-layout-6c531013 wp-block-group-is-layout-flex\">\n<figure class=\"wp-block-image size-large\"><img loading=\"lazy\" decoding=\"async\" width=\"533\" height=\"800\" src=\"https:\/\/arkdatasocimi.lopezespadafor.com\/wp-content\/uploads\/2025\/10\/placas-solares-campo-1-edited.jpg\" alt=\"placas solares en el campo\" class=\"wp-image-1304\" title=\"Inicio\" srcset=\"https:\/\/arkdatasocimi.lopezespadafor.com\/wp-content\/uploads\/2025\/10\/placas-solares-campo-1-edited.jpg 533w, https:\/\/arkdatasocimi.lopezespadafor.com\/wp-content\/uploads\/2025\/10\/placas-solares-campo-1-edited-200x300.jpg 200w\" sizes=\"auto, (max-width: 533px) 100vw, 533px\" \/><figcaption class=\"wp-element-caption\">La energ\u00eda solar es el motor que transforma la luz en potencia digital sostenible para ARKDATA SOCIMI.                                                             <\/figcaption><\/figure>\n<\/div>\n\n\n\n<div class=\"wp-block-group is-nowrap is-layout-flex wp-container-core-group-is-layout-6c531013 wp-block-group-is-layout-flex\">\n<figure class=\"wp-block-image size-full\"><img loading=\"lazy\" decoding=\"async\" width=\"407\" height=\"611\" src=\"https:\/\/arkdatasocimi.lopezespadafor.com\/wp-content\/uploads\/2025\/10\/shutterstock_1997751206-edited.jpg\" alt=\"hydroelectric,dam,on,the,river,,water,discharge,from,the,reservoir,\" class=\"wp-image-1301\" title=\"Inicio\" srcset=\"https:\/\/arkdatasocimi.lopezespadafor.com\/wp-content\/uploads\/2025\/10\/shutterstock_1997751206-edited.jpg 407w, https:\/\/arkdatasocimi.lopezespadafor.com\/wp-content\/uploads\/2025\/10\/shutterstock_1997751206-edited-200x300.jpg 200w\" sizes=\"auto, (max-width: 407px) 100vw, 407px\" \/><figcaption class=\"wp-element-caption\">Aprovechamos la energ\u00eda hidr\u00e1ulica para garantizar un suministro limpio, estable y respetuoso con el entorno.<\/figcaption><\/figure>\n<\/div>\n\n\n\n<figure class=\"wp-block-image size-large\"><img loading=\"lazy\" decoding=\"async\" width=\"700\" height=\"1050\" src=\"https:\/\/arkdatasocimi.lopezespadafor.com\/wp-content\/uploads\/2025\/10\/energia-eolica-cabecera-4-edited.jpg\" alt=\"dise\u00f1o sin t\u00edtulo 1\" class=\"wp-image-1302\" title=\"Inicio\" srcset=\"https:\/\/arkdatasocimi.lopezespadafor.com\/wp-content\/uploads\/2025\/10\/energia-eolica-cabecera-4-edited.jpg 700w, https:\/\/arkdatasocimi.lopezespadafor.com\/wp-content\/uploads\/2025\/10\/energia-eolica-cabecera-4-edited-200x300.jpg 200w, https:\/\/arkdatasocimi.lopezespadafor.com\/wp-content\/uploads\/2025\/10\/energia-eolica-cabecera-4-edited-683x1024.jpg 683w\" sizes=\"auto, (max-width: 700px) 100vw, 700px\" \/><figcaption class=\"wp-element-caption\">Impulsamos nuestros centros de datos con energ\u00eda e\u00f3lica, aprovechando para alimentar la innovaci\u00f3n con cero emisiones.<\/figcaption><\/figure>\n<\/div>\n<\/div>\n<\/div>\n<\/div><\/div>\n\n\n\n<div class=\"wp-block-uagb-container uagb-layout-flex uagb-block-af5df69f alignfull uagb-is-root-container\"><div class=\"uagb-container-inner-blocks-wrap\">\n<div class=\"wp-block-uagb-call-to-action uagb-block-d83192c0 wp-block-button\"><div class=\"uagb-cta__wrap\"><h3 class=\"uagb-cta__title\">Gestionamos todo el ciclo: adquisici\u00f3n de terreno, obra civil, equipamiento, operaci\u00f3n y servicios gestionados. <br><br>Informaci\u00f3n t\u00e9cnica y dossier disponibles tras solicitud.<\/h3><p class=\"uagb-cta__desc\">Click here to change this text. Lorem ipsum dolor sit amet, consectetur adipiscing elit. Ut elit tellus, luctus nec ullamcorper mattis, pulvinar dapibus leo.<\/p><\/div><div class=\"uagb-cta__buttons\"><a href=\"#\" class=\"uagb-cta__button-link-wrapper wp-block-button__link\" target=\"_self\" rel=\"noopener noreferrer\">M\u00e1s informaci\u00f3n<\/a><\/div><\/div>\n<\/div><\/div>\n\n\n\n<p><\/p>\n","protected":false},"excerpt":{"rendered":"","protected":false},"author":1,"featured_media":1263,"parent":0,"menu_order":0,"comment_status":"closed","ping_status":"closed","template":"","meta":{"om_disable_all_campaigns":false,"_uag_custom_page_level_css":"","site-sidebar-layout":"no-sidebar","site-content-layout":"plain-container","ast-site-content-layout":"normal-width-container","site-content-style":"unboxed","site-sidebar-style":"unboxed","ast-global-header-display":"","ast-banner-title-visibility":"","ast-main-header-display":"","ast-hfb-above-header-display":"","ast-hfb-below-header-display":"","ast-hfb-mobile-header-display":"","site-post-title":"disabled","ast-breadcrumbs-content":"","ast-featured-img":"disabled","footer-sml-layout":"","theme-transparent-header-meta":"enabled","adv-header-id-meta":"","stick-header-meta":"","header-above-stick-meta":"","header-main-stick-meta":"","header-below-stick-meta":"","astra-migrate-meta-layouts":"set","ast-page-background-enabled":"default","ast-page-background-meta":{"desktop":{"background-color":"","background-image":"","background-repeat":"repeat","background-position":"center center","background-size":"auto","background-attachment":"scroll","background-type":"","background-media":"","overlay-type":"","overlay-color":"","overlay-opacity":"","overlay-gradient":""},"tablet":{"background-color":"","background-image":"","background-repeat":"repeat","background-position":"center center","background-size":"auto","background-attachment":"scroll","background-type":"","background-media":"","overlay-type":"","overlay-color":"","overlay-opacity":"","overlay-gradient":""},"mobile":{"background-color":"","background-image":"","background-repeat":"repeat","background-position":"center center","background-size":"auto","background-attachment":"scroll","background-type":"","background-media":"","overlay-type":"","overlay-color":"","overlay-opacity":"","overlay-gradient":""}},"ast-content-background-meta":{"desktop":{"background-color":"var(--ast-global-color-5)","background-image":"","background-repeat":"repeat","background-position":"center center","background-size":"auto","background-attachment":"scroll","background-type":"","background-media":"","overlay-type":"","overlay-color":"","overlay-opacity":"","overlay-gradient":""},"tablet":{"background-color":"var(--ast-global-color-5)","background-image":"","background-repeat":"repeat","background-position":"center center","background-size":"auto","background-attachment":"scroll","background-type":"","background-media":"","overlay-type":"","overlay-color":"","overlay-opacity":"","overlay-gradient":""},"mobile":{"background-color":"var(--ast-global-color-5)","background-image":"","background-repeat":"repeat","background-position":"center center","background-size":"auto","background-attachment":"scroll","background-type":"","background-media":"","overlay-type":"","overlay-color":"","overlay-opacity":"","overlay-gradient":""}},"footnotes":""},"class_list":["post-494","page","type-page","status-publish","has-post-thumbnail","hentry"],"aioseo_notices":[],"yoast_head":"<!-- This site is optimized with the Yoast SEO plugin v26.1.1 - https:\/\/yoast.com\/wordpress\/plugins\/seo\/ -->\n<title>Inicio - Data Center Granada<\/title>\n<meta name=\"robots\" content=\"index, follow, max-snippet:-1, max-image-preview:large, max-video-preview:-1\" \/>\n<link rel=\"canonical\" href=\"https:\/\/arkdatasocimi.lopezespadafor.com\/\" \/>\n<meta property=\"og:locale\" content=\"es_ES\" \/>\n<meta property=\"og:type\" content=\"article\" \/>\n<meta property=\"og:title\" content=\"Inicio - Data Center Granada\" \/>\n<meta property=\"og:url\" content=\"https:\/\/arkdatasocimi.lopezespadafor.com\/\" \/>\n<meta property=\"og:site_name\" content=\"Data Center Granada\" \/>\n<meta property=\"article:modified_time\" content=\"2025-10-14T16:27:45+00:00\" \/>\n<meta property=\"og:image\" content=\"https:\/\/arkdatasocimi.lopezespadafor.com\/wp-content\/uploads\/2020\/09\/aerospace.jpg\" \/>\n<meta name=\"twitter:card\" content=\"summary_large_image\" \/>\n<meta name=\"twitter:label1\" content=\"Tiempo de lectura\" \/>\n\t<meta name=\"twitter:data1\" content=\"2 minutos\" \/>\n<script type=\"application\/ld+json\" class=\"yoast-schema-graph\">{\"@context\":\"https:\/\/schema.org\",\"@graph\":[{\"@type\":\"WebPage\",\"@id\":\"https:\/\/arkdatasocimi.lopezespadafor.com\/\",\"url\":\"https:\/\/arkdatasocimi.lopezespadafor.com\/\",\"name\":\"Inicio - Data Center Granada\",\"isPartOf\":{\"@id\":\"https:\/\/arkdatasocimi.lopezespadafor.com\/#website\"},\"primaryImageOfPage\":{\"@id\":\"https:\/\/arkdatasocimi.lopezespadafor.com\/#primaryimage\"},\"image\":{\"@id\":\"https:\/\/arkdatasocimi.lopezespadafor.com\/#primaryimage\"},\"thumbnailUrl\":\"https:\/\/arkdatasocimi.lopezespadafor.com\/wp-content\/uploads\/2025\/10\/cropped-ChatGPT-Image-13-oct-2025-11_50_19-2.png\",\"datePublished\":\"2025-10-13T09:30:55+00:00\",\"dateModified\":\"2025-10-14T16:27:45+00:00\",\"breadcrumb\":{\"@id\":\"https:\/\/arkdatasocimi.lopezespadafor.com\/#breadcrumb\"},\"inLanguage\":\"es\",\"potentialAction\":[{\"@type\":\"ReadAction\",\"target\":[\"https:\/\/arkdatasocimi.lopezespadafor.com\/\"]}]},{\"@type\":\"ImageObject\",\"inLanguage\":\"es\",\"@id\":\"https:\/\/arkdatasocimi.lopezespadafor.com\/#primaryimage\",\"url\":\"https:\/\/arkdatasocimi.lopezespadafor.com\/wp-content\/uploads\/2025\/10\/cropped-ChatGPT-Image-13-oct-2025-11_50_19-2.png\",\"contentUrl\":\"https:\/\/arkdatasocimi.lopezespadafor.com\/wp-content\/uploads\/2025\/10\/cropped-ChatGPT-Image-13-oct-2025-11_50_19-2.png\",\"width\":512,\"height\":512,\"caption\":\"chatgpt image 13 oct 2025, 11 50 19\"},{\"@type\":\"BreadcrumbList\",\"@id\":\"https:\/\/arkdatasocimi.lopezespadafor.com\/#breadcrumb\",\"itemListElement\":[{\"@type\":\"ListItem\",\"position\":1,\"name\":\"Portada\",\"item\":\"https:\/\/arkdatasocimi.lopezespadafor.com\/\"},{\"@type\":\"ListItem\",\"position\":2,\"name\":\"Inicio\"}]},{\"@type\":\"WebSite\",\"@id\":\"https:\/\/arkdatasocimi.lopezespadafor.com\/#website\",\"url\":\"https:\/\/arkdatasocimi.lopezespadafor.com\/\",\"name\":\"Data Center Granada\",\"description\":\"ARKDATA SOCIMI \u2014 Infraestructura digital para el futuro de Espa\u00f1a. Inversi\u00f3n, desarrollo y gesti\u00f3n de centros de datos de \u00faltima generaci\u00f3n.\",\"publisher\":{\"@id\":\"https:\/\/arkdatasocimi.lopezespadafor.com\/#organization\"},\"potentialAction\":[{\"@type\":\"SearchAction\",\"target\":{\"@type\":\"EntryPoint\",\"urlTemplate\":\"https:\/\/arkdatasocimi.lopezespadafor.com\/?s={search_term_string}\"},\"query-input\":{\"@type\":\"PropertyValueSpecification\",\"valueRequired\":true,\"valueName\":\"search_term_string\"}}],\"inLanguage\":\"es\"},{\"@type\":\"Organization\",\"@id\":\"https:\/\/arkdatasocimi.lopezespadafor.com\/#organization\",\"name\":\"ARKDATA SOCIMI\",\"url\":\"https:\/\/arkdatasocimi.lopezespadafor.com\/\",\"logo\":{\"@type\":\"ImageObject\",\"inLanguage\":\"es\",\"@id\":\"https:\/\/arkdatasocimi.lopezespadafor.com\/#\/schema\/logo\/image\/\",\"url\":\"https:\/\/arkdatasocimi.lopezespadafor.com\/wp-content\/uploads\/2025\/10\/cropped-ChatGPT-Image-13-oct-2025-11_50_19-2.png\",\"contentUrl\":\"https:\/\/arkdatasocimi.lopezespadafor.com\/wp-content\/uploads\/2025\/10\/cropped-ChatGPT-Image-13-oct-2025-11_50_19-2.png\",\"width\":512,\"height\":512,\"caption\":\"ARKDATA SOCIMI\"},\"image\":{\"@id\":\"https:\/\/arkdatasocimi.lopezespadafor.com\/#\/schema\/logo\/image\/\"}}]}<\/script>\n<!-- \/ Yoast SEO plugin. -->","yoast_head_json":{"title":"Inicio - Data Center Granada","robots":{"index":"index","follow":"follow","max-snippet":"max-snippet:-1","max-image-preview":"max-image-preview:large","max-video-preview":"max-video-preview:-1"},"canonical":"https:\/\/arkdatasocimi.lopezespadafor.com\/","og_locale":"es_ES","og_type":"article","og_title":"Inicio - Data Center Granada","og_url":"https:\/\/arkdatasocimi.lopezespadafor.com\/","og_site_name":"Data Center Granada","article_modified_time":"2025-10-14T16:27:45+00:00","og_image":[{"url":"https:\/\/arkdatasocimi.lopezespadafor.com\/wp-content\/uploads\/2020\/09\/aerospace.jpg","type":"","width":"","height":""}],"twitter_card":"summary_large_image","twitter_misc":{"Tiempo de lectura":"2 minutos"},"schema":{"@context":"https:\/\/schema.org","@graph":[{"@type":"WebPage","@id":"https:\/\/arkdatasocimi.lopezespadafor.com\/","url":"https:\/\/arkdatasocimi.lopezespadafor.com\/","name":"Inicio - Data Center Granada","isPartOf":{"@id":"https:\/\/arkdatasocimi.lopezespadafor.com\/#website"},"primaryImageOfPage":{"@id":"https:\/\/arkdatasocimi.lopezespadafor.com\/#primaryimage"},"image":{"@id":"https:\/\/arkdatasocimi.lopezespadafor.com\/#primaryimage"},"thumbnailUrl":"https:\/\/arkdatasocimi.lopezespadafor.com\/wp-content\/uploads\/2025\/10\/cropped-ChatGPT-Image-13-oct-2025-11_50_19-2.png","datePublished":"2025-10-13T09:30:55+00:00","dateModified":"2025-10-14T16:27:45+00:00","breadcrumb":{"@id":"https:\/\/arkdatasocimi.lopezespadafor.com\/#breadcrumb"},"inLanguage":"es","potentialAction":[{"@type":"ReadAction","target":["https:\/\/arkdatasocimi.lopezespadafor.com\/"]}]},{"@type":"ImageObject","inLanguage":"es","@id":"https:\/\/arkdatasocimi.lopezespadafor.com\/#primaryimage","url":"https:\/\/arkdatasocimi.lopezespadafor.com\/wp-content\/uploads\/2025\/10\/cropped-ChatGPT-Image-13-oct-2025-11_50_19-2.png","contentUrl":"https:\/\/arkdatasocimi.lopezespadafor.com\/wp-content\/uploads\/2025\/10\/cropped-ChatGPT-Image-13-oct-2025-11_50_19-2.png","width":512,"height":512,"caption":"chatgpt image 13 oct 2025, 11 50 19"},{"@type":"BreadcrumbList","@id":"https:\/\/arkdatasocimi.lopezespadafor.com\/#breadcrumb","itemListElement":[{"@type":"ListItem","position":1,"name":"Portada","item":"https:\/\/arkdatasocimi.lopezespadafor.com\/"},{"@type":"ListItem","position":2,"name":"Inicio"}]},{"@type":"WebSite","@id":"https:\/\/arkdatasocimi.lopezespadafor.com\/#website","url":"https:\/\/arkdatasocimi.lopezespadafor.com\/","name":"Data Center Granada","description":"ARKDATA SOCIMI \u2014 Infraestructura digital para el futuro de Espa\u00f1a. Inversi\u00f3n, desarrollo y gesti\u00f3n de centros de datos de \u00faltima generaci\u00f3n.","publisher":{"@id":"https:\/\/arkdatasocimi.lopezespadafor.com\/#organization"},"potentialAction":[{"@type":"SearchAction","target":{"@type":"EntryPoint","urlTemplate":"https:\/\/arkdatasocimi.lopezespadafor.com\/?s={search_term_string}"},"query-input":{"@type":"PropertyValueSpecification","valueRequired":true,"valueName":"search_term_string"}}],"inLanguage":"es"},{"@type":"Organization","@id":"https:\/\/arkdatasocimi.lopezespadafor.com\/#organization","name":"ARKDATA SOCIMI","url":"https:\/\/arkdatasocimi.lopezespadafor.com\/","logo":{"@type":"ImageObject","inLanguage":"es","@id":"https:\/\/arkdatasocimi.lopezespadafor.com\/#\/schema\/logo\/image\/","url":"https:\/\/arkdatasocimi.lopezespadafor.com\/wp-content\/uploads\/2025\/10\/cropped-ChatGPT-Image-13-oct-2025-11_50_19-2.png","contentUrl":"https:\/\/arkdatasocimi.lopezespadafor.com\/wp-content\/uploads\/2025\/10\/cropped-ChatGPT-Image-13-oct-2025-11_50_19-2.png","width":512,"height":512,"caption":"ARKDATA SOCIMI"},"image":{"@id":"https:\/\/arkdatasocimi.lopezespadafor.com\/#\/schema\/logo\/image\/"}}]}},"_hostinger_reach_plugin_has_subscription_block":false,"_hostinger_reach_plugin_is_elementor":false,"uagb_featured_image_src":{"full":["https:\/\/arkdatasocimi.lopezespadafor.com\/wp-content\/uploads\/2025\/10\/cropped-ChatGPT-Image-13-oct-2025-11_50_19-2.png",512,512,false],"thumbnail":["https:\/\/arkdatasocimi.lopezespadafor.com\/wp-content\/uploads\/2025\/10\/cropped-ChatGPT-Image-13-oct-2025-11_50_19-2-150x150.png",150,150,true],"medium":["https:\/\/arkdatasocimi.lopezespadafor.com\/wp-content\/uploads\/2025\/10\/cropped-ChatGPT-Image-13-oct-2025-11_50_19-2-300x300.png",300,300,true],"medium_large":["https:\/\/arkdatasocimi.lopezespadafor.com\/wp-content\/uploads\/2025\/10\/cropped-ChatGPT-Image-13-oct-2025-11_50_19-2.png",512,512,false],"large":["https:\/\/arkdatasocimi.lopezespadafor.com\/wp-content\/uploads\/2025\/10\/cropped-ChatGPT-Image-13-oct-2025-11_50_19-2.png",512,512,false],"1536x1536":["https:\/\/arkdatasocimi.lopezespadafor.com\/wp-content\/uploads\/2025\/10\/cropped-ChatGPT-Image-13-oct-2025-11_50_19-2.png",512,512,false],"2048x2048":["https:\/\/arkdatasocimi.lopezespadafor.com\/wp-content\/uploads\/2025\/10\/cropped-ChatGPT-Image-13-oct-2025-11_50_19-2.png",512,512,false]},"uagb_author_info":{"display_name":"lopezespadaforasociados@gmail.com","author_link":"https:\/\/arkdatasocimi.lopezespadafor.com\/?author=1"},"uagb_comment_info":0,"uagb_excerpt":null,"_links":{"self":[{"href":"https:\/\/arkdatasocimi.lopezespadafor.com\/index.php?rest_route=\/wp\/v2\/pages\/494","targetHints":{"allow":["GET"]}}],"collection":[{"href":"https:\/\/arkdatasocimi.lopezespadafor.com\/index.php?rest_route=\/wp\/v2\/pages"}],"about":[{"href":"https:\/\/arkdatasocimi.lopezespadafor.com\/index.php?rest_route=\/wp\/v2\/types\/page"}],"author":[{"embeddable":true,"href":"https:\/\/arkdatasocimi.lopezespadafor.com\/index.php?rest_route=\/wp\/v2\/users\/1"}],"replies":[{"embeddable":true,"href":"https:\/\/arkdatasocimi.lopezespadafor.com\/index.php?rest_route=%2Fwp%2Fv2%2Fcomments&post=494"}],"version-history":[{"count":8,"href":"https:\/\/arkdatasocimi.lopezespadafor.com\/index.php?rest_route=\/wp\/v2\/pages\/494\/revisions"}],"predecessor-version":[{"id":1370,"href":"https:\/\/arkdatasocimi.lopezespadafor.com\/index.php?rest_route=\/wp\/v2\/pages\/494\/revisions\/1370"}],"wp:featuredmedia":[{"embeddable":true,"href":"https:\/\/arkdatasocimi.lopezespadafor.com\/index.php?rest_route=\/wp\/v2\/media\/1263"}],"wp:attachment":[{"href":"https:\/\/arkdatasocimi.lopezespadafor.com\/index.php?rest_route=%2Fwp%2Fv2%2Fmedia&parent=494"}],"curies":[{"name":"wp","href":"https:\/\/api.w.org\/{rel}","templated":true}]}}